{"id":3,"date":"2025-07-10T14:12:10","date_gmt":"2025-07-10T14:12:10","guid":{"rendered":"https:\/\/00uptest2.it\/Saviglianese\/?page_id=3"},"modified":"2025-07-17T12:52:19","modified_gmt":"2025-07-17T12:52:19","slug":"privacy-policy","status":"publish","type":"page","link":"https:\/\/saviglianese1919.it\/index.php\/privacy-policy\/","title":{"rendered":"Privacy Policy"},"content":{"rendered":"\t\t<div data-elementor-type=\"wp-page\" data-elementor-id=\"3\" class=\"elementor elementor-3\" data-elementor-post-type=\"page\">\n\t\t\t\t<div class=\"elementor-element elementor-element-2aedaaa0 e-flex e-con-boxed wpr-particle-no wpr-jarallax-no wpr-parallax-no wpr-sticky-section-no e-con e-parent\" data-id=\"2aedaaa0\" data-element_type=\"container\">\n\t\t\t\t\t<div class=\"e-con-inner\">\n\t\t\t\t<div class=\"elementor-element elementor-element-14423303 elementor-widget elementor-widget-text-editor\" data-id=\"14423303\" data-element_type=\"widget\" data-widget_type=\"text-editor.default\">\n\t\t\t\t\t\t\t\t\t\n<h2 class=\"wp-block-heading\"><\/h2>\n\n\n\n<p><\/p>\n\t\t\t\t\t\t\t\t<\/div>\n\t\t\t\t\t<\/div>\n\t\t\t\t<\/div>\n\t\t<div class=\"elementor-element elementor-element-a085586 e-flex e-con-boxed wpr-particle-no wpr-jarallax-no wpr-parallax-no wpr-sticky-section-no e-con e-parent\" data-id=\"a085586\" data-element_type=\"container\">\n\t\t\t\t\t<div class=\"e-con-inner\">\n\t\t\t\t<div class=\"elementor-element elementor-element-b1b2ee1 elementor-widget elementor-widget-heading\" data-id=\"b1b2ee1\" data-element_type=\"widget\" data-widget_type=\"heading.default\">\n\t\t\t\t\t<h2 class=\"elementor-heading-title elementor-size-default\">Privacy Policy<\/h2>\t\t\t\t<\/div>\n\t\t\t\t<div class=\"elementor-element elementor-element-7ee0b9c elementor-widget elementor-widget-text-editor\" data-id=\"7ee0b9c\" data-element_type=\"widget\" data-widget_type=\"text-editor.default\">\n\t\t\t\t\t\t\t\t\t<p><strong>Titolare del trattamento<\/strong><\/p>\n<p>Il Titolare del trattamento \u00e8 <strong>SAVIGLIANESE FBC 1919 SOCIETA&#8217; SPORTIVA DILETTANTISTICA A RESPONSABILITA&#8217; LIMITA SIGLAVILE, OVE CONSENTITO, IN SAVIGLIANESE FBC 1919 S.S.D. S.R.L.<\/strong>, <strong>VIALE GOZZANO 8, 12038 SAVIGLIANO CN con p.iva 03955180041\u00a0<\/strong><\/p>\n<p><strong>Oggetto del trattamento<\/strong><\/p>\n<p>Il Titolare tratta tutti i dati personali da Lei forniti in occasione di qualsivoglia contatto con lo studio, anche prima di ricevere formale incarico.\u00a0<\/p>\n<p>Ove il soggetto che conferisce i dati abbia et\u00e0 inferiore ai 16 anni, il trattamento \u00e8 lecito se e nella misura in cui il consenso \u00e8 prestato o autorizzato dal titolare della responsabilit\u00e0 genitoriale per il quale sono acquisiti i dati identificativi e copia di documento di riconoscimento.<\/p>\n<p><strong>Finalit\u00e0 del trattamento<\/strong><\/p>\n<p>Il trattamento dei dati personali da Lei forniti \u00e8 finalizzato alla corretta e completa esecuzione dell\u2019incarico ricevuto, all\u2019adempimento dei necessari obblighi fiscali derivanti dall\u2019incarico in essere nonch\u00e9 all\u2019adempimento degli obblighi previsti da legge, regolamento, normativa comunitaria o da ordine dell\u2019Autorit\u00e0.<\/p>\n<p>Per le suddette finalit\u00e0 i dati personali sono trattati senza il consenso espresso (art. 6 lettere b) e) GDPR).<\/p>\n<p><strong>Modalit\u00e0 di trattamento e conservazione<\/strong><\/p>\n<p>I dati personali sono sottoposti a trattamento sia cartaceo che elettronico e\/o automatizzato, nel rispetto di quanto previsto dall\u2019art. 32 del GDPR 2016\/679 e in materia di misure di sicurezza ed in ottemperanza a quanto previsto dall\u2019art. 29 GDPR 2016\/ 679.<\/p>\n<p>Il trattamento \u00e8 realizzato per mezzo delle operazioni dell\u2019art. 4 GDPR 2016\/679 e precisamente: raccolta, registrazione, organizzazione, conservazione, consultazione, elaborazione, modificazione, selezione, estrazione, raffronto, utilizzo, interconnessione, blocco, comunicazione, cancellazione e distruzione dei dati. \u00a0 \u00a0<\/p>\n<p>Nel rispetto dei principi di liceit\u00e0, limitazione delle finalit\u00e0 e minimizzazione dei dati, ai sensi dell\u2019art. 5 GDPR 2016\/679, previo il Suo consenso libero ed esplicito espresso in calce alla presente informativa, i Suoi dati personali saranno conservati per il periodo di tempo necessario al conseguimento delle finalit\u00e0 del trattamento e comunque per non oltre 10 anni dalla cessazione del rapporto.<\/p>\n<p><strong>Conferimento dei dati<\/strong><\/p>\n<p>Il conferimento dei dati personali comuni, sensibili e giudiziari \u00e8 strettamente necessario ai fini dello svolgimento delle attivit\u00e0 indicate nella finalit\u00e0 di trattamento.<\/p>\n<p><strong>Rifiuto di conferimento dei dati<\/strong><\/p>\n<p>Il rifiuto di conferire i dati comporta l\u2019impossibilit\u00e0 di adempiere alle attivit\u00e0 indicate nella finalit\u00e0 di trattamento.\u00a0<\/p>\n<p><strong>Accesso ai dati\u00a0<\/strong><\/p>\n<p>I dati personali possono essere resi accessibili ai sensi delle finalit\u00e0 di trattamento a dipendenti e collaboratori esterni del Titolare nella loro qualit\u00e0 di incaricati e\/o responsabili interni del trattamento e\/o amministratori di sistema e, in generale, a tutti quei soggetti pubblici e privati cui la comunicazione sia necessaria e\/o obbligatoria per il corretto adempimento delle finalit\u00e0 medesime.<\/p>\n<p>Detti soggetti tratteranno i dati nella loro qualit\u00e0 di autonomi titolari del trattamento.<\/p>\n<p><strong>Diffusione dei dati\u00a0<\/strong><\/p>\n<p>I dati personali non sono soggetti a diffusione.<\/p>\n<p><strong>Trasferimento dei dati personali<\/strong><\/p>\n<p>I suoi dati potrebbero essere trasferiti in Stati membri dell\u2019Unione Europea ed in Paesi terzi non appartenenti all\u2019Unione Europea.<\/p>\n<p><strong>Categorie particolari di dati personali<\/strong><\/p>\n<p>Ai sensi degli artt. 9 e 10 GDPR 2016\/679, Lei potrebbe conferire allo studio dati qualificabili come \u201ccategorie particolari di dati personali\u201d e cio\u00e8 quei dati che rivelano \u201c<em>l\u2019origine razziale o etnica, le opinioni politiche, le convinzioni religiose o filosofiche, o l\u2019appartenenza sindacale, nonch\u00e9 dati genetici, dati biometrici intesi a identificare in modo univoco una persona fisica, dati relativi alla salute o alla vita sessuale o all\u2019orientamento sessuale della persona<\/em>\u201d. Tali categorie di dati potranno essere trattate solo previo Suo libero ed esplicito consenso, manifestato in forma scritta in calce alla presente informativa oppure tramite consenso digitale sul sito\u00a0www. pastorellilegnami.it.<\/p>\n<p><strong>Esistenza di un processo decisionale automatizzato\u00a0<\/strong><\/p>\n<p>La Pastorelli Legnami Srl non adotta alcun processo decisionale automatizzato, compresa la profilazione, di cui all\u2019art. 22, paragrafi 1 e 4, del GDPR 2016\/679.<\/p>\n<p><strong>Diritti dell\u2019interessato<\/strong><\/p>\n<p>In ogni momento, Lei potr\u00e0 esercitare, ai sensi degli artt. dal 15 al 22 del GDPR 2016\/679, i seguenti diritti:<\/p>\n<ol>\n<li>a) chiedere la conferma dell\u2019esistenza o meno di propri dati personali;<\/li>\n<li>b) ottenere le indicazioni circa le finalit\u00e0 del trattamento, le categorie dei dati personali, i destinatari o le categorie di destinatari a cui i dati personali sono stati o saranno comunicati e, quando possibile, il periodo di conservazione;<\/li>\n<li>c) ottenere la rettifica e la cancellazione dei dati;<\/li>\n<li>d) ottenere la limitazione del trattamento;<\/li>\n<li>e) ottenere la portabilit\u00e0 dei dati, ossia riceverli dal titolare del trattamento, in formato strutturato, di uso comune e leggibile da dispositivo automatico, e trasmetterli ad altro titolare del trattamento senza impedimenti;<\/li>\n<li>f)\u00a0 opporsi al trattamento in qualsiasi momento ed anche nel caso di trattamento per finalit\u00e0 di marketing diretto;<\/li>\n<li>g) opporsi ad un processo decisionale automatizzato relativo alle persone \ufb01siche compresa la profilazione.<\/li>\n<li>h) chiedere al titolare del trattamento l\u2019accesso ai dati personali e la rettifica o la cancellazione degli stessi o la limitazione del trattamento che lo riguardano o di opporsi al loro trattamento, oltre al diritto alla portabilit\u00e0 dei dati;<\/li>\n<li>i) revocare il consenso in qualsiasi momento senza pregiudicare la liceit\u00e0 del trattamento basata sul consenso prestato prima della revoca;<\/li>\n<li>l) \u00a0 proporre reclamo all\u2019Autorit\u00e0 Garante.\u00a0<\/li>\n<\/ol>\n<p><strong>Modalit\u00e0 di esercizio dei diritti<\/strong><\/p>\n<p>Potr\u00e0 esercitare i Suoi diritti in qualsiasi momento con richiesta scritta inviata a <strong>SAVIGLIANESE FBC 1919 SOCIETA&#8217; SPORTIVA DILETTANTISTICA A RESPONSABILITA&#8217; LIMITA SIGLAVILE, OVE CONSENTITO, IN SAVIGLIANESE FBC 1919 S.S.D. S.R.L. <\/strong>all\u2019indirizzo mail\u00a0<a href=\"mailto:saviglianesefbc@pec.it\">saviglianesefbc@pec.it<\/a><\/p>\t\t\t\t\t\t\t\t<\/div>\n\t\t\t\t\t<\/div>\n\t\t\t\t<\/div>\n\t\t\t\t<\/div>\n\t\t","protected":false},"excerpt":{"rendered":"<p>Privacy Policy Titolare del trattamento Il Titolare del trattamento \u00e8 SAVIGLIANESE FBC 1919 SOCIETA&#8217; SPORTIVA DILETTANTISTICA A RESPONSABILITA&#8217; LIMITA SIGLAVILE, OVE CONSENTITO, IN SAVIGLIANESE FBC 1919 S.S.D. S.R.L., VIALE GOZZANO 8, 12038 SAVIGLIANO CN con p.iva 03955180041\u00a0 Oggetto del trattamento Il Titolare tratta tutti i dati personali da Lei forniti in occasione di qualsivoglia contatto con lo studio, anche prima di ricevere formale incarico.\u00a0 Ove il soggetto che conferisce i dati abbia et\u00e0 inferiore ai 16 anni, il trattamento \u00e8 lecito se e nella misura in cui il consenso \u00e8 prestato o autorizzato dal titolare della responsabilit\u00e0 genitoriale per il quale sono acquisiti i dati identificativi e copia di documento di riconoscimento. Finalit\u00e0 del trattamento Il trattamento dei dati personali da Lei forniti \u00e8 finalizzato alla corretta e completa esecuzione dell\u2019incarico ricevuto, all\u2019adempimento dei necessari obblighi fiscali derivanti dall\u2019incarico in essere nonch\u00e9 all\u2019adempimento degli obblighi previsti da legge, regolamento, normativa comunitaria o da ordine dell\u2019Autorit\u00e0. Per le suddette finalit\u00e0 i dati personali sono trattati senza il consenso espresso (art. 6 lettere b) e) GDPR). Modalit\u00e0 di trattamento e conservazione I dati personali sono sottoposti a trattamento sia cartaceo che elettronico e\/o automatizzato, nel rispetto di quanto previsto dall\u2019art. 32 del GDPR 2016\/679 e in materia di misure di sicurezza ed in ottemperanza a quanto previsto dall\u2019art. 29 GDPR 2016\/ 679. Il trattamento \u00e8 realizzato per mezzo delle operazioni dell\u2019art. 4 GDPR 2016\/679 e precisamente: raccolta, registrazione, organizzazione, conservazione, consultazione, elaborazione, modificazione, selezione, estrazione, raffronto, utilizzo, interconnessione, blocco, comunicazione, cancellazione e distruzione dei dati. \u00a0 \u00a0 Nel rispetto dei principi di liceit\u00e0, limitazione delle finalit\u00e0 e minimizzazione dei dati, ai sensi dell\u2019art. 5 GDPR 2016\/679, previo il Suo consenso libero ed esplicito espresso in calce alla presente informativa, i Suoi dati personali saranno conservati per il periodo di tempo necessario al conseguimento delle finalit\u00e0 del trattamento e comunque per non oltre 10 anni dalla cessazione del rapporto. Conferimento dei dati Il conferimento dei dati personali comuni, sensibili e giudiziari \u00e8 strettamente necessario ai fini dello svolgimento delle attivit\u00e0 indicate nella finalit\u00e0 di trattamento. Rifiuto di conferimento dei dati Il rifiuto di conferire i dati comporta l\u2019impossibilit\u00e0 di adempiere alle attivit\u00e0 indicate nella finalit\u00e0 di trattamento.\u00a0 Accesso ai dati\u00a0 I dati personali possono essere resi accessibili ai sensi delle finalit\u00e0 di trattamento a dipendenti e collaboratori esterni del Titolare nella loro qualit\u00e0 di incaricati e\/o responsabili interni del trattamento e\/o amministratori di sistema e, in generale, a tutti quei soggetti pubblici e privati cui la comunicazione sia necessaria e\/o obbligatoria per il corretto adempimento delle finalit\u00e0 medesime. Detti soggetti tratteranno i dati nella loro qualit\u00e0 di autonomi titolari del trattamento. Diffusione dei dati\u00a0 I dati personali non sono soggetti a diffusione. Trasferimento dei dati personali I suoi dati potrebbero essere trasferiti in Stati membri dell\u2019Unione Europea ed in Paesi terzi non appartenenti all\u2019Unione Europea. Categorie particolari di dati personali Ai sensi degli artt. 9 e 10 GDPR 2016\/679, Lei potrebbe conferire allo studio dati qualificabili come \u201ccategorie particolari di dati personali\u201d e cio\u00e8 quei dati che rivelano \u201cl\u2019origine razziale o etnica, le opinioni politiche, le convinzioni religiose o filosofiche, o l\u2019appartenenza sindacale, nonch\u00e9 dati genetici, dati biometrici intesi a identificare in modo univoco una persona fisica, dati relativi alla salute o alla vita sessuale o all\u2019orientamento sessuale della persona\u201d. Tali categorie di dati potranno essere trattate solo previo Suo libero ed esplicito consenso, manifestato in forma scritta in calce alla presente informativa oppure tramite consenso digitale sul sito\u00a0www. pastorellilegnami.it. Esistenza di un processo decisionale automatizzato\u00a0 La Pastorelli Legnami Srl non adotta alcun processo decisionale automatizzato, compresa la profilazione, di cui all\u2019art. 22, paragrafi 1 e 4, del GDPR 2016\/679. Diritti dell\u2019interessato In ogni momento, Lei potr\u00e0 esercitare, ai sensi degli artt. dal 15 al 22 del GDPR 2016\/679, i seguenti diritti: a) chiedere la conferma dell\u2019esistenza o meno di propri dati personali; b) ottenere le indicazioni circa le finalit\u00e0 del trattamento, le categorie dei dati personali, i destinatari o le categorie di destinatari a cui i dati personali sono stati o saranno comunicati e, quando possibile, il periodo di conservazione; c) ottenere la rettifica e la cancellazione dei dati; d) ottenere la limitazione del trattamento; e) ottenere la portabilit\u00e0 dei dati, ossia riceverli dal titolare del trattamento, in formato strutturato, di uso comune e leggibile da dispositivo automatico, e trasmetterli ad altro titolare del trattamento senza impedimenti; f)\u00a0 opporsi al trattamento in qualsiasi momento ed anche nel caso di trattamento per finalit\u00e0 di marketing diretto; g) opporsi ad un processo decisionale automatizzato relativo alle persone \ufb01siche compresa la profilazione. h) chiedere al titolare del trattamento l\u2019accesso ai dati personali e la rettifica o la cancellazione degli stessi o la limitazione del trattamento che lo riguardano o di opporsi al loro trattamento, oltre al diritto alla portabilit\u00e0 dei dati; i) revocare il consenso in qualsiasi momento senza pregiudicare la liceit\u00e0 del trattamento basata sul consenso prestato prima della revoca; l) \u00a0 proporre reclamo all\u2019Autorit\u00e0 Garante.\u00a0 Modalit\u00e0 di esercizio dei diritti Potr\u00e0 esercitare i Suoi diritti in qualsiasi momento con richiesta scritta inviata a SAVIGLIANESE FBC 1919 SOCIETA&#8217; SPORTIVA DILETTANTISTICA A RESPONSABILITA&#8217; LIMITA SIGLAVILE, OVE CONSENTITO, IN SAVIGLIANESE FBC 1919 S.S.D. S.R.L. all\u2019indirizzo mail\u00a0saviglianesefbc@pec.it<\/p>\n","protected":false},"author":1,"featured_media":0,"parent":0,"menu_order":0,"comment_status":"closed","ping_status":"closed","template":"elementor_header_footer","meta":{"footnotes":""},"class_list":["post-3","page","type-page","status-publish","hentry"],"_links":{"self":[{"href":"https:\/\/saviglianese1919.it\/index.php\/wp-json\/wp\/v2\/pages\/3","targetHints":{"allow":["GET"]}}],"collection":[{"href":"https:\/\/saviglianese1919.it\/index.php\/wp-json\/wp\/v2\/pages"}],"about":[{"href":"https:\/\/saviglianese1919.it\/index.php\/wp-json\/wp\/v2\/types\/page"}],"author":[{"embeddable":true,"href":"https:\/\/saviglianese1919.it\/index.php\/wp-json\/wp\/v2\/users\/1"}],"replies":[{"embeddable":true,"href":"https:\/\/saviglianese1919.it\/index.php\/wp-json\/wp\/v2\/comments?post=3"}],"version-history":[{"count":4,"href":"https:\/\/saviglianese1919.it\/index.php\/wp-json\/wp\/v2\/pages\/3\/revisions"}],"predecessor-version":[{"id":669,"href":"https:\/\/saviglianese1919.it\/index.php\/wp-json\/wp\/v2\/pages\/3\/revisions\/669"}],"wp:attachment":[{"href":"https:\/\/saviglianese1919.it\/index.php\/wp-json\/wp\/v2\/media?parent=3"}],"curies":[{"name":"wp","href":"https:\/\/api.w.org\/{rel}","templated":true}]}}