{"id":300,"date":"2025-07-16T09:18:13","date_gmt":"2025-07-16T09:18:13","guid":{"rendered":"https:\/\/00uptest2.it\/Saviglianese\/?page_id=300"},"modified":"2025-07-29T12:50:59","modified_gmt":"2025-07-29T12:50:59","slug":"il-territorio","status":"publish","type":"page","link":"https:\/\/saviglianese1919.it\/index.php\/il-territorio\/","title":{"rendered":"Il territorio"},"content":{"rendered":"\t\t<div data-elementor-type=\"wp-page\" data-elementor-id=\"300\" class=\"elementor elementor-300\" data-elementor-post-type=\"page\">\n\t\t\t\t<div class=\"elementor-element elementor-element-943bd60 e-con-full e-flex wpr-particle-no wpr-jarallax-no wpr-parallax-no wpr-sticky-section-no e-con e-parent\" data-id=\"943bd60\" data-element_type=\"container\" data-settings=\"{&quot;background_background&quot;:&quot;classic&quot;}\">\n\t\t<div class=\"elementor-element elementor-element-cc04020 e-con-full e-flex wpr-particle-no wpr-jarallax-no wpr-parallax-no wpr-sticky-section-no e-con e-child\" data-id=\"cc04020\" data-element_type=\"container\">\n\t\t\t\t<div class=\"elementor-element elementor-element-47ffc35 elementor-invisible elementor-widget elementor-widget-heading\" data-id=\"47ffc35\" data-element_type=\"widget\" data-settings=\"{&quot;_animation&quot;:&quot;fadeInLeft&quot;}\" data-widget_type=\"heading.default\">\n\t\t\t\t\t<h2 class=\"elementor-heading-title elementor-size-default\">SAVIGLIANO<\/h2>\t\t\t\t<\/div>\n\t\t\t\t<div class=\"elementor-element elementor-element-49fa7b5 elementor-invisible elementor-widget elementor-widget-heading\" data-id=\"49fa7b5\" data-element_type=\"widget\" data-settings=\"{&quot;_animation&quot;:&quot;fadeInLeft&quot;}\" data-widget_type=\"heading.default\">\n\t\t\t\t\t<h2 class=\"elementor-heading-title elementor-size-default\">SCOPRIRE IL TERRITORIO<\/h2>\t\t\t\t<\/div>\n\t\t\t\t<\/div>\n\t\t<div class=\"elementor-element elementor-element-c99f250 e-flex e-con-boxed wpr-particle-no wpr-jarallax-no wpr-parallax-no wpr-sticky-section-no e-con e-child\" data-id=\"c99f250\" data-element_type=\"container\">\n\t\t\t\t\t<div class=\"e-con-inner\">\n\t\t\t\t<div class=\"elementor-element elementor-element-c328694 elementor-invisible elementor-widget elementor-widget-image\" data-id=\"c328694\" data-element_type=\"widget\" data-settings=\"{&quot;_animation&quot;:&quot;fadeInRight&quot;}\" data-widget_type=\"image.default\">\n\t\t\t\t\t\t\t\t\t\t\t\t\t\t\t<img fetchpriority=\"high\" decoding=\"async\" width=\"540\" height=\"477\" src=\"https:\/\/saviglianese1919.it\/wp-content\/uploads\/2025\/07\/c699b144-fca7-49f2-97f0-d2705d157ee7.jpg\" class=\"attachment-full size-full wp-image-177\" alt=\"\" srcset=\"https:\/\/saviglianese1919.it\/wp-content\/uploads\/2025\/07\/c699b144-fca7-49f2-97f0-d2705d157ee7.jpg 540w, https:\/\/saviglianese1919.it\/wp-content\/uploads\/2025\/07\/c699b144-fca7-49f2-97f0-d2705d157ee7-300x265.jpg 300w\" sizes=\"(max-width: 540px) 100vw, 540px\" \/>\t\t\t\t\t\t\t\t\t\t\t\t\t\t\t<\/div>\n\t\t\t\t\t<\/div>\n\t\t\t\t<\/div>\n\t\t\t\t<\/div>\n\t\t<div class=\"elementor-element elementor-element-c78f03c e-con-full e-flex wpr-particle-no wpr-jarallax-no wpr-parallax-no wpr-sticky-section-no e-con e-parent\" data-id=\"c78f03c\" data-element_type=\"container\">\n\t\t\t\t<div class=\"elementor-element elementor-element-4037cb8 elementor-invisible elementor-widget elementor-widget-heading\" data-id=\"4037cb8\" data-element_type=\"widget\" data-settings=\"{&quot;_animation&quot;:&quot;fadeInLeft&quot;}\" data-widget_type=\"heading.default\">\n\t\t\t\t\t<h2 class=\"elementor-heading-title elementor-size-default\">Savigliano: cuore della pianura cuneese nel Piemonte meridionale<\/h2>\t\t\t\t<\/div>\n\t\t\t\t<div class=\"elementor-element elementor-element-a71fbd7 elementor-invisible elementor-widget elementor-widget-text-editor\" data-id=\"a71fbd7\" data-element_type=\"widget\" data-settings=\"{&quot;_animation&quot;:&quot;fadeInLeft&quot;}\" data-widget_type=\"text-editor.default\">\n\t\t\t\t\t\t\t\t\t<p>Con oltre 21.000 abitanti,\u00a0<strong>Savigliano<\/strong>\u00a0sorge al centro della fertile pianura cuneese, nella parte meridionale del Piemonte. La citt\u00e0 \u00e8 circondata dai torrenti Maira, Mellea e Varaita, le cui acque hanno influenzato lo sviluppo storico, economico e culturale del territorio.<\/p>\t\t\t\t\t\t\t\t<\/div>\n\t\t\t\t<\/div>\n\t\t<div class=\"elementor-element elementor-element-050b45b e-con-full e-flex wpr-particle-no wpr-jarallax-no wpr-parallax-no wpr-sticky-section-no e-con e-parent\" data-id=\"050b45b\" data-element_type=\"container\">\n\t\t<div class=\"elementor-element elementor-element-f875df4 e-con-full e-flex wpr-particle-no wpr-jarallax-no wpr-parallax-no wpr-sticky-section-no elementor-invisible e-con e-child\" data-id=\"f875df4\" data-element_type=\"container\" data-settings=\"{&quot;animation&quot;:&quot;fadeInLeft&quot;}\">\n\t\t\t\t<div class=\"elementor-element elementor-element-34bb1d2 elementor-invisible elementor-widget elementor-widget-heading\" data-id=\"34bb1d2\" data-element_type=\"widget\" data-settings=\"{&quot;_animation&quot;:&quot;fadeInLeft&quot;}\" data-widget_type=\"heading.default\">\n\t\t\t\t\t<h2 class=\"elementor-heading-title elementor-size-default\">Storia e territorio di Savigliano<\/h2>\t\t\t\t<\/div>\n\t\t\t\t<div class=\"elementor-element elementor-element-16c9058 elementor-invisible elementor-widget elementor-widget-text-editor\" data-id=\"16c9058\" data-element_type=\"widget\" data-settings=\"{&quot;_animation&quot;:&quot;fadeInLeft&quot;}\" data-widget_type=\"text-editor.default\">\n\t\t\t\t\t\t\t\t\t<p>Savigliano \u00e8 citata per la prima volta in un documento ufficiale datato 18 agosto 981. Nel XIII secolo divenne uno dei pi\u00f9 importanti liberi comuni del Piemonte. Successivamente pass\u00f2 sotto le signorie degli Angioini, degli Acaia e dei Savoia, consolidando il ruolo di centro agricolo, culturale e commerciale di rilievo. Tra il 1434 e il 1436 ospit\u00f2 l\u2019unico ateneo piemontese dell\u2019epoca.<\/p><p>Nel XVII secolo, grazie all\u2019influenza della principessa Isabella di Savoia Carignano, Savigliano divenne una meta privilegiata per le lunghe residenze nobiliari, acquisendo prestigio come centro artistico e architettonico. La \u201cscuola saviglianese\u201d, guidata dal pittore Giovanni Antonio Molineri, \u00e8 una delle massime espressioni del Barocco nel Piemonte del Seicento.<\/p><p>Tra gli illustri personaggi saviglianesi figura Santorre di Santa Rosa, simbolo del Risorgimento italiano. Nel 1853 Savigliano fu il capolinea della prima linea ferroviaria piemontese, mentre nel 1880 nacque la Societ\u00e0 Nazionale Officine Savigliano (SNOS), oggi parte di Alstom, leader mondiale nella produzione di treni ad alta velocit\u00e0 come il \u201cPendolino\u201d.<\/p>\t\t\t\t\t\t\t\t<\/div>\n\t\t\t\t<div class=\"elementor-element elementor-element-a921ca2 elementor-invisible elementor-widget elementor-widget-heading\" data-id=\"a921ca2\" data-element_type=\"widget\" data-settings=\"{&quot;_animation&quot;:&quot;fadeInLeft&quot;}\" data-widget_type=\"heading.default\">\n\t\t\t\t\t<h2 class=\"elementor-heading-title elementor-size-default\">Savigliano oggi: un centro moderno e vivace<\/h2>\t\t\t\t<\/div>\n\t\t\t\t<div class=\"elementor-element elementor-element-fb8d750 elementor-invisible elementor-widget elementor-widget-text-editor\" data-id=\"fb8d750\" data-element_type=\"widget\" data-settings=\"{&quot;_animation&quot;:&quot;fadeInLeft&quot;}\" data-widget_type=\"text-editor.default\">\n\t\t\t\t\t\t\t\t\t<p>Oggi Savigliano \u00e8 un polo agricolo, industriale e di servizi, ben collegato con Cuneo, Torino e la Liguria tramite la rete ferroviaria e la vicinanza all\u2019autostrada A6 Torino-Savona e all\u2019aeroporto di Cuneo-Levaldigi.<\/p><p>La citt\u00e0 offre ai residenti un ospedale di rilievo, numerosi impianti sportivi (piscina, campi da calcio, atletica, palazzetto dello sport, tennis, bocce), servizi culturali di qualit\u00e0 come il Centro Storico Archivio e la Biblioteca Civica \u201cL. Baccolo\u201d. Tra le attrazioni culturali spiccano il Teatro Storico con la sua ricca programmazione e musei importanti come il Museo Civico \u201cA. Olmo\u201d, la Gipsoteca \u201cD. Calandra\u201d e il Museo Ferroviario Piemontese.<\/p><p>Savigliano vanta inoltre scuole di ogni ordine e grado e sedi decentrate dell\u2019Universit\u00e0 di Torino, con corsi nelle Facolt\u00e0 di Scienze della Formazione e Farmacia, oltre al corso europeo di design industriale CEMI, promosso da Giugiaro. La citt\u00e0 \u00e8 anche sede dell\u2019Universit\u00e0 delle Tre Et\u00e0, che ogni anno coinvolge oltre 800 studenti in corsi culturali e formativi.<\/p>\t\t\t\t\t\t\t\t<\/div>\n\t\t\t\t<div class=\"elementor-element elementor-element-f156284 elementor-invisible elementor-widget elementor-widget-heading\" data-id=\"f156284\" data-element_type=\"widget\" data-settings=\"{&quot;_animation&quot;:&quot;fadeInLeft&quot;}\" data-widget_type=\"heading.default\">\n\t\t\t\t\t<h2 class=\"elementor-heading-title elementor-size-default\">Monasterolo di Savigliano: storia e modernit\u00e0 nella pianura piemontese<\/h2>\t\t\t\t<\/div>\n\t\t\t\t<div class=\"elementor-element elementor-element-f85c562 elementor-invisible elementor-widget elementor-widget-text-editor\" data-id=\"f85c562\" data-element_type=\"widget\" data-settings=\"{&quot;_animation&quot;:&quot;fadeInLeft&quot;}\" data-widget_type=\"text-editor.default\">\n\t\t\t\t\t\t\t\t\t<p>Con circa 1.377 abitanti, Monasterolo di Savigliano \u00e8 un piccolo centro storico situato al centro della pianura cuneese, confinante con il Torrente Varaita. Il paese si trova a 291 metri sul livello del mare ed \u00e8 gemellato dal 1998 con la citt\u00e0 texana di Duncanville.<\/p>\t\t\t\t\t\t\t\t<\/div>\n\t\t\t\t<div class=\"elementor-element elementor-element-96111f3 elementor-invisible elementor-widget elementor-widget-heading\" data-id=\"96111f3\" data-element_type=\"widget\" data-settings=\"{&quot;_animation&quot;:&quot;fadeInLeft&quot;}\" data-widget_type=\"heading.default\">\n\t\t\t\t\t<h2 class=\"elementor-heading-title elementor-size-default\">Origini e sviluppo storico di Monasterolo di Savigliano<\/h2>\t\t\t\t<\/div>\n\t\t\t\t<div class=\"elementor-element elementor-element-1e26dc3 elementor-invisible elementor-widget elementor-widget-text-editor\" data-id=\"1e26dc3\" data-element_type=\"widget\" data-settings=\"{&quot;_animation&quot;:&quot;fadeInLeft&quot;}\" data-widget_type=\"text-editor.default\">\n\t\t\t\t\t\t\t\t\t<p>Le prime testimonianze di Monasterolo risalgono al 907, quando un documento cita una cappella fondata in onore di San Silvestro, da cui deriva il nome Monasterolo. Intorno all\u2019anno 1000 si svilupp\u00f2 un piccolo abitato che crebbe grazie a fortificazioni volute dai marchesi Raimondo e Ottone di Busca.<\/p><p>Tra il 1347 e il 1363 molte fortificazioni furono distrutte durante i conflitti nello Stato sabaudo. Monasterolo ottenne l\u2019autonomia amministrativa nel 1350-56. Tra il 1363 e il 1378 furono costruiti castello e mura di cinta, oggi simboli storici del paese, restaurati pi\u00f9 volte fino al Settecento.<\/p><p>Il territorio ospita importanti edifici storici come la Chiesa Parrocchiale dei Santi Apostoli Pietro e Paolo (inaugurata nel 1904), la chiesa della Confraternita e numerose ville storiche, tra cui Villa Fontana.<\/p>\t\t\t\t\t\t\t\t<\/div>\n\t\t\t\t<div class=\"elementor-element elementor-element-e36419f elementor-invisible elementor-widget elementor-widget-heading\" data-id=\"e36419f\" data-element_type=\"widget\" data-settings=\"{&quot;_animation&quot;:&quot;fadeInLeft&quot;}\" data-widget_type=\"heading.default\">\n\t\t\t\t\t<h2 class=\"elementor-heading-title elementor-size-default\">Monasterolo oggi: economia e servizi<\/h2>\t\t\t\t<\/div>\n\t\t\t\t<div class=\"elementor-element elementor-element-7b04392 elementor-invisible elementor-widget elementor-widget-text-editor\" data-id=\"7b04392\" data-element_type=\"widget\" data-settings=\"{&quot;_animation&quot;:&quot;fadeInLeft&quot;}\" data-widget_type=\"text-editor.default\">\n\t\t\t\t\t\t\t\t\t<p>Negli ultimi decenni Monasterolo ha vissuto una significativa crescita edilizia e industriale, con il passaggio da un\u2019economia agricola a un sistema produttivo diversificato. La pubblica amministrazione ha favorito questo sviluppo attraverso strumenti urbanistici regionali moderni.<\/p><p>I residenti possono usufruire di una biblioteca comunale, impianti sportivi (campi da calcio e tennis, palestra polivalente) e servizi essenziali come farmacia, ambulatori medici, esercizi commerciali, bar e ristoranti.<\/p><p>Monasterolo \u00e8 ben collegata con Cuneo, Torino e la Liguria grazie alla vicinanza alla linea ferroviaria e all\u2019autostrada A6, oltre alla vicinanza dell\u2019aeroporto di Cuneo-Levaldigi.<\/p>\t\t\t\t\t\t\t\t<\/div>\n\t\t\t\t<\/div>\n\t\t<div class=\"elementor-element elementor-element-69ee3a9 e-con-full e-flex wpr-particle-no wpr-jarallax-no wpr-parallax-no wpr-sticky-section-no elementor-invisible e-con e-child\" data-id=\"69ee3a9\" data-element_type=\"container\" data-settings=\"{&quot;animation&quot;:&quot;fadeInRight&quot;}\">\n\t\t\t\t<div class=\"elementor-element elementor-element-10bcabe elementor-widget elementor-widget-image\" data-id=\"10bcabe\" data-element_type=\"widget\" data-widget_type=\"image.default\">\n\t\t\t\t\t\t\t\t\t\t\t\t\t\t\t<img decoding=\"async\" width=\"800\" height=\"400\" src=\"https:\/\/saviglianese1919.it\/wp-content\/uploads\/2025\/07\/Savigliano16-1200x600-1-1024x512.png\" class=\"attachment-large size-large wp-image-307\" alt=\"\" srcset=\"https:\/\/saviglianese1919.it\/wp-content\/uploads\/2025\/07\/Savigliano16-1200x600-1-1024x512.png 1024w, https:\/\/saviglianese1919.it\/wp-content\/uploads\/2025\/07\/Savigliano16-1200x600-1-300x150.png 300w, https:\/\/saviglianese1919.it\/wp-content\/uploads\/2025\/07\/Savigliano16-1200x600-1-768x384.png 768w, https:\/\/saviglianese1919.it\/wp-content\/uploads\/2025\/07\/Savigliano16-1200x600-1.png 1200w\" sizes=\"(max-width: 800px) 100vw, 800px\" \/>\t\t\t\t\t\t\t\t\t\t\t\t\t\t\t<\/div>\n\t\t\t\t<div class=\"elementor-element elementor-element-2ac56c2 elementor-widget elementor-widget-image\" data-id=\"2ac56c2\" data-element_type=\"widget\" data-widget_type=\"image.default\">\n\t\t\t\t\t\t\t\t\t\t\t\t\t\t\t<img decoding=\"async\" width=\"800\" height=\"531\" src=\"https:\/\/saviglianese1919.it\/wp-content\/uploads\/2025\/07\/savigliano-1024x680-1.png\" class=\"attachment-large size-large wp-image-306\" alt=\"\" srcset=\"https:\/\/saviglianese1919.it\/wp-content\/uploads\/2025\/07\/savigliano-1024x680-1.png 1024w, https:\/\/saviglianese1919.it\/wp-content\/uploads\/2025\/07\/savigliano-1024x680-1-300x199.png 300w, https:\/\/saviglianese1919.it\/wp-content\/uploads\/2025\/07\/savigliano-1024x680-1-768x510.png 768w\" sizes=\"(max-width: 800px) 100vw, 800px\" \/>\t\t\t\t\t\t\t\t\t\t\t\t\t\t\t<\/div>\n\t\t\t\t<div class=\"elementor-element elementor-element-5705a4c elementor-widget elementor-widget-image\" data-id=\"5705a4c\" data-element_type=\"widget\" data-widget_type=\"image.default\">\n\t\t\t\t\t\t\t\t\t\t\t\t\t\t\t<img loading=\"lazy\" decoding=\"async\" width=\"444\" height=\"265\" src=\"https:\/\/saviglianese1919.it\/wp-content\/uploads\/2025\/07\/TERRITORIO.png\" class=\"attachment-full size-full wp-image-311\" alt=\"\" srcset=\"https:\/\/saviglianese1919.it\/wp-content\/uploads\/2025\/07\/TERRITORIO.png 444w, https:\/\/saviglianese1919.it\/wp-content\/uploads\/2025\/07\/TERRITORIO-300x179.png 300w\" sizes=\"(max-width: 444px) 100vw, 444px\" \/>\t\t\t\t\t\t\t\t\t\t\t\t\t\t\t<\/div>\n\t\t\t\t<div class=\"elementor-element elementor-element-195b2b2 elementor-widget elementor-widget-image\" data-id=\"195b2b2\" data-element_type=\"widget\" data-widget_type=\"image.default\">\n\t\t\t\t\t\t\t\t\t\t\t\t\t\t\t<img loading=\"lazy\" decoding=\"async\" width=\"500\" height=\"301\" src=\"https:\/\/saviglianese1919.it\/wp-content\/uploads\/2025\/07\/1aae935a246c8c8301c965730592861d2676ed44.1e71ee9b97998758b2b932c2e818a7bd.jpg\" class=\"attachment-large size-large wp-image-308\" alt=\"\" srcset=\"https:\/\/saviglianese1919.it\/wp-content\/uploads\/2025\/07\/1aae935a246c8c8301c965730592861d2676ed44.1e71ee9b97998758b2b932c2e818a7bd.jpg 500w, https:\/\/saviglianese1919.it\/wp-content\/uploads\/2025\/07\/1aae935a246c8c8301c965730592861d2676ed44.1e71ee9b97998758b2b932c2e818a7bd-300x181.jpg 300w\" sizes=\"(max-width: 500px) 100vw, 500px\" \/>\t\t\t\t\t\t\t\t\t\t\t\t\t\t\t<\/div>\n\t\t\t\t<div class=\"elementor-element elementor-element-6a366c1 elementor-widget elementor-widget-button\" data-id=\"6a366c1\" data-element_type=\"widget\" data-widget_type=\"button.default\">\n\t\t\t\t\t\t\t\t\t\t<a class=\"elementor-button elementor-button-link elementor-size-sm elementor-animation-grow\" href=\"https:\/\/comune.savigliano.cn.it\/\">\n\t\t\t\t\t\t<span class=\"elementor-button-content-wrapper\">\n\t\t\t\t\t\t\t\t\t<span class=\"elementor-button-text\">Comune Savigliano<\/span>\n\t\t\t\t\t<\/span>\n\t\t\t\t\t<\/a>\n\t\t\t\t\t\t\t\t<\/div>\n\t\t\t\t<div class=\"elementor-element elementor-element-abb3e41 elementor-widget elementor-widget-button\" data-id=\"abb3e41\" data-element_type=\"widget\" data-widget_type=\"button.default\">\n\t\t\t\t\t\t\t\t\t\t<a class=\"elementor-button elementor-button-link elementor-size-sm elementor-animation-grow\" href=\"https:\/\/visitsavigliano.it\/\">\n\t\t\t\t\t\t<span class=\"elementor-button-content-wrapper\">\n\t\t\t\t\t\t\t\t\t<span class=\"elementor-button-text\">Visit Savigliano<\/span>\n\t\t\t\t\t<\/span>\n\t\t\t\t\t<\/a>\n\t\t\t\t\t\t\t\t<\/div>\n\t\t\t\t<\/div>\n\t\t\t\t<\/div>\n\t\t\t\t<\/div>\n\t\t","protected":false},"excerpt":{"rendered":"<p>SAVIGLIANO SCOPRIRE IL TERRITORIO Savigliano: cuore della pianura cuneese nel Piemonte meridionale Con oltre 21.000 abitanti,\u00a0Savigliano\u00a0sorge al centro della fertile pianura cuneese, nella parte meridionale del Piemonte. La citt\u00e0 \u00e8 circondata dai torrenti Maira, Mellea e Varaita, le cui acque hanno influenzato lo sviluppo storico, economico e culturale del territorio. Storia e territorio di Savigliano Savigliano \u00e8 citata per la prima volta in un documento ufficiale datato 18 agosto 981. Nel XIII secolo divenne uno dei pi\u00f9 importanti liberi comuni del Piemonte. Successivamente pass\u00f2 sotto le signorie degli Angioini, degli Acaia e dei Savoia, consolidando il ruolo di centro agricolo, culturale e commerciale di rilievo. Tra il 1434 e il 1436 ospit\u00f2 l\u2019unico ateneo piemontese dell\u2019epoca. Nel XVII secolo, grazie all\u2019influenza della principessa Isabella di Savoia Carignano, Savigliano divenne una meta privilegiata per le lunghe residenze nobiliari, acquisendo prestigio come centro artistico e architettonico. La \u201cscuola saviglianese\u201d, guidata dal pittore Giovanni Antonio Molineri, \u00e8 una delle massime espressioni del Barocco nel Piemonte del Seicento. Tra gli illustri personaggi saviglianesi figura Santorre di Santa Rosa, simbolo del Risorgimento italiano. Nel 1853 Savigliano fu il capolinea della prima linea ferroviaria piemontese, mentre nel 1880 nacque la Societ\u00e0 Nazionale Officine Savigliano (SNOS), oggi parte di Alstom, leader mondiale nella produzione di treni ad alta velocit\u00e0 come il \u201cPendolino\u201d. Savigliano oggi: un centro moderno e vivace Oggi Savigliano \u00e8 un polo agricolo, industriale e di servizi, ben collegato con Cuneo, Torino e la Liguria tramite la rete ferroviaria e la vicinanza all\u2019autostrada A6 Torino-Savona e all\u2019aeroporto di Cuneo-Levaldigi. La citt\u00e0 offre ai residenti un ospedale di rilievo, numerosi impianti sportivi (piscina, campi da calcio, atletica, palazzetto dello sport, tennis, bocce), servizi culturali di qualit\u00e0 come il Centro Storico Archivio e la Biblioteca Civica \u201cL. Baccolo\u201d. Tra le attrazioni culturali spiccano il Teatro Storico con la sua ricca programmazione e musei importanti come il Museo Civico \u201cA. Olmo\u201d, la Gipsoteca \u201cD. Calandra\u201d e il Museo Ferroviario Piemontese. Savigliano vanta inoltre scuole di ogni ordine e grado e sedi decentrate dell\u2019Universit\u00e0 di Torino, con corsi nelle Facolt\u00e0 di Scienze della Formazione e Farmacia, oltre al corso europeo di design industriale CEMI, promosso da Giugiaro. La citt\u00e0 \u00e8 anche sede dell\u2019Universit\u00e0 delle Tre Et\u00e0, che ogni anno coinvolge oltre 800 studenti in corsi culturali e formativi. Monasterolo di Savigliano: storia e modernit\u00e0 nella pianura piemontese Con circa 1.377 abitanti, Monasterolo di Savigliano \u00e8 un piccolo centro storico situato al centro della pianura cuneese, confinante con il Torrente Varaita. Il paese si trova a 291 metri sul livello del mare ed \u00e8 gemellato dal 1998 con la citt\u00e0 texana di Duncanville. Origini e sviluppo storico di Monasterolo di Savigliano Le prime testimonianze di Monasterolo risalgono al 907, quando un documento cita una cappella fondata in onore di San Silvestro, da cui deriva il nome Monasterolo. Intorno all\u2019anno 1000 si svilupp\u00f2 un piccolo abitato che crebbe grazie a fortificazioni volute dai marchesi Raimondo e Ottone di Busca. Tra il 1347 e il 1363 molte fortificazioni furono distrutte durante i conflitti nello Stato sabaudo. Monasterolo ottenne l\u2019autonomia amministrativa nel 1350-56. Tra il 1363 e il 1378 furono costruiti castello e mura di cinta, oggi simboli storici del paese, restaurati pi\u00f9 volte fino al Settecento. Il territorio ospita importanti edifici storici come la Chiesa Parrocchiale dei Santi Apostoli Pietro e Paolo (inaugurata nel 1904), la chiesa della Confraternita e numerose ville storiche, tra cui Villa Fontana. Monasterolo oggi: economia e servizi Negli ultimi decenni Monasterolo ha vissuto una significativa crescita edilizia e industriale, con il passaggio da un\u2019economia agricola a un sistema produttivo diversificato. La pubblica amministrazione ha favorito questo sviluppo attraverso strumenti urbanistici regionali moderni. I residenti possono usufruire di una biblioteca comunale, impianti sportivi (campi da calcio e tennis, palestra polivalente) e servizi essenziali come farmacia, ambulatori medici, esercizi commerciali, bar e ristoranti. Monasterolo \u00e8 ben collegata con Cuneo, Torino e la Liguria grazie alla vicinanza alla linea ferroviaria e all\u2019autostrada A6, oltre alla vicinanza dell\u2019aeroporto di Cuneo-Levaldigi. Comune Savigliano Visit Savigliano<\/p>\n","protected":false},"author":1,"featured_media":0,"parent":0,"menu_order":0,"comment_status":"closed","ping_status":"closed","template":"elementor_header_footer","meta":{"footnotes":""},"class_list":["post-300","page","type-page","status-publish","hentry"],"_links":{"self":[{"href":"https:\/\/saviglianese1919.it\/index.php\/wp-json\/wp\/v2\/pages\/300","targetHints":{"allow":["GET"]}}],"collection":[{"href":"https:\/\/saviglianese1919.it\/index.php\/wp-json\/wp\/v2\/pages"}],"about":[{"href":"https:\/\/saviglianese1919.it\/index.php\/wp-json\/wp\/v2\/types\/page"}],"author":[{"embeddable":true,"href":"https:\/\/saviglianese1919.it\/index.php\/wp-json\/wp\/v2\/users\/1"}],"replies":[{"embeddable":true,"href":"https:\/\/saviglianese1919.it\/index.php\/wp-json\/wp\/v2\/comments?post=300"}],"version-history":[{"count":10,"href":"https:\/\/saviglianese1919.it\/index.php\/wp-json\/wp\/v2\/pages\/300\/revisions"}],"predecessor-version":[{"id":873,"href":"https:\/\/saviglianese1919.it\/index.php\/wp-json\/wp\/v2\/pages\/300\/revisions\/873"}],"wp:attachment":[{"href":"https:\/\/saviglianese1919.it\/index.php\/wp-json\/wp\/v2\/media?parent=300"}],"curies":[{"name":"wp","href":"https:\/\/api.w.org\/{rel}","templated":true}]}}